{"id":211,"date":"2018-03-26T12:06:11","date_gmt":"2018-03-26T10:06:11","guid":{"rendered":"http:\/\/xn--lechienthrapeute-jqb.be\/?page_id=211"},"modified":"2018-04-09T10:50:57","modified_gmt":"2018-04-09T08:50:57","slug":"responsabilite","status":"publish","type":"page","link":"https:\/\/xn--lechienthrapeute-jqb.be\/?page_id=211","title":{"rendered":"Responsabilit\u00e9"},"content":{"rendered":"<p>Lorsque nous adoptons un chien, il faut en prendre la responsabilit\u00e9 ou plut\u00f4t les responsabilit\u00e9s qui sont nombreuses et demandent beaucoup de temps .Le chien doit d&rsquo;abord \u00eatre \u00e9duqu\u00e9,c&rsquo;est indispensable ;le chien doit \u00eatre socialis\u00e9 et sociabilis\u00e9 .Le chien a besoin de libert\u00e9 ,de jeux ,d&rsquo;activit\u00e9s et de d\u00e9pense \u00e9nerg\u00e9tique .Le chien a besoin de soins ,d&rsquo;attention .Le chien a besoin d&rsquo;une relation &#8211; communication claire et ad\u00e9quate .<br \/>\nDonc le chien nous demande tant ;mais pour ceux qui comme moi aiment les chiens ,ce n&rsquo;est pas un esclavage mais une source de joie ,d&rsquo;\u00e9merveillement !<\/p>\n<p>Nous restons pantois devant le nombre incroyable d\u2019abandons ,d\u2019euthanasies des chiens domestiques ! Chiffres vertigineux : au Quebec 375000 euthanasies juste pour l\u2019ann\u00e9e 2017 ; aux Etats-Unis :les chiffres varient de 1 million 500 mille a 3 millions !<br \/>\nComment expliquer cet \u00e9tat de fait ? En effet ,si la possession d\u2019un chien \u00e9tait une source de joie ,de bonheur ,si , comme des \u00e9tudes nous le d\u00e9montrent ,ils seraient des vecteurs de sant\u00e9 mentale ,de th\u00e9rapie ,de diminution du stress ,de la d\u00e9pression ,alors pourquoi tant d\u2019abandons ,ou comme un \u00e9tude am\u00e9ricaine le montre ,je cite :<\/p>\n<p>Les soutiens financiers de l\u2019industrie de la zooth\u00e9rapie sont notamment accord\u00e9s aux \u00e9tudes sur les bienfaits de la zooth\u00e9rapie sur le bien-\u00eatre animal. Il est en effet important pour une question d\u2019image que les animaux soient bien trait\u00e9s. Or, les conditions de vie des animaux de compagnie s\u2019apparentent bien plus \u00e0 un esclavage qu\u2019au paradis familial que les m\u00e9dias nous renvoient en boucle ferm\u00e9e. Leurs propri\u00e9taires ne leur accordent souvent qu\u2019une attention minimale et les laissent seuls durant de longues p\u00e9riodes dans un espace trop r\u00e9duit, \u00ab emprisonn\u00e9s \u00bba la merci du bon vouloir d\u2019un ma\u00eetre qui ignore souvent tout de ses besoins r\u00e9els. Les soins sont souvent inadapt\u00e9s et conduisent \u00e0 l\u2019abandon ou \u00e0 une mort pr\u00e9matur\u00e9e de l\u2019animal. La situation est encore pire pour les animaux sauvages .<br \/>\nLes chiens qui ne sont pas abandonn\u00e9s ou euthanasi\u00e9s souffriraient d\u2019une maltraitance due au manque de soins ,d\u2019attentions ,leurs besoins vitaux \u00e9tant bafou\u00e9s ou ignor\u00e9s ! Nous pouvons \u00e9galement parler des chiens souffrant de troubles psychiques ,de troubles du comportement dus a une relation ma\u00eetre-chien anthropomorphique ,remplie des phantasmes humains a l\u2019\u00e9gard du chien ,relation inappropri\u00e9e due a l\u2019ignorance des moyens de communications inter-esp\u00e8ces ,des besoins du chien .Le chien-objet ,victime des demandes ,des projections ,du narcissisme du ma\u00eetre est aussi a mettre au compte de la souffrance des chiens! Le chien exutoire ,le chien battu en est le meilleur exemple ! Quand le chien est le r\u00e9ceptacle de toutes nos n\u00e9vroses ?<br \/>\nPour r\u00e9sum\u00e9 : le chien est le meilleur ami de l\u2019homme mais l\u2019homme est-il le meilleur ami du chien ?<\/p>\n<p>Donc penchons nous sur les causes de ces innombrables maltraitances ,qui finalement d\u00e9coulent toutes des m\u00eames causes ,la premi\u00e8re de toutes est l\u2019ignorance des responsabilit\u00e9s qui incombent au ma\u00eetre :<br \/>\nLes besoins du chien doivent \u00eatre satisfaits et ils sont nombreux ! Voici :<br \/>\nUn besoin d\u2019activit\u00e9 d\u2019un minimum de 4 heures par jour !(certains chiens ont un besoin encore plus important ,les huskys ,les chiens de chasse ,les l\u00e9vriers ,les border-collies ,etc\u2026)<br \/>\nUn besoin de contacts sociaux avec d\u2019autres chiens et ceci ,\u00e9videmment en libert\u00e9 ! Le jeu \u00e9tant un vecteur fondamental d\u2019\u00e9quilibre ,il faudra prendre des dispositions pour permettre cette activit\u00e9 .<br \/>\nCertains chiens devraient pouvoir assouvir leurs besoins vitaux de travail (chiens bergers ) ou de chasse (beagle,brac ) ou d\u2019apprentissage (berger malinois ) ce qui complique grandement la t\u00e2che du ma\u00eetre .<br \/>\nUn besoin d\u2019attention ,de soins ,d\u2019affection ,un cadre de vie s\u00e9curisant .Ajoutons que la solitude n\u2019est pas naturelle pour le chien ; il ne peut g\u00e9rer tant d\u2019heures de solitude .<br \/>\nCe travail ,r\u00e9p\u00e9tons en choeur est JOURNALIER ! Et il convient ici de confirmer que le ma\u00eetre devra faire face a un surcro\u00eet de travail ,le chien devra \u00eatre bross\u00e9 ,voire toilett\u00e9 .La quantit\u00e9 de nettoyage augmentera ,ce qui n\u2019est pas n\u00e9gligeable ,poils ,poussi\u00e8res ,terre etc\u2026<br \/>\nLe budget du ma\u00eetre augmentera \u00e9galement d\u2019une fa\u00e7on significative : la nourriture ,les soins v\u00e9t\u00e9rinaires ,peut-\u00eatre aussi des jouets ,un panier ,laisses ,colliers etc\u2026Une cage adapt\u00e9e sera la bienvenue ,surtout pour le chiot qui ,ne l\u2019oublions pas explore le monde oralement aussi ,ce qui veut dire qu\u2019il ronge ou avale pratiquement tout ce qu\u2019il trouve !<br \/>\nAjoutons que les chiens de races sont des animaux fragiles ,leur syst\u00e8me digestif ,leur syst\u00e8me immunitaire ,le squelette ,les yeux sont des probl\u00e8mes qu\u2019on ne peut ignorer ,et ceci est bien sur une source de d\u00e9penses ,de soucis ,de soins m\u00e9dicaux ,voire d\u2019 op\u00e9rations co\u00fbteuses !<br \/>\nEn ce qui concerne les absences ou les vacances ,un budget et des moyens devront \u00eatre mis en oeuvre !<br \/>\nMaintenant abordons la deuxi\u00e8me cause :<br \/>\nL\u2019ignorance des moyens de communication ,des moyens d\u2019\u00e9ducation (les professionnels ne sont pas en reste ,comme les \u00e9leveurs ),des capacit\u00e9s du chiens ,des comportements et du psychisme canins !<\/p>\n<p>Si l\u2019\u00e9ducation ,la socialisation ,les apprentissages sont inappropri\u00e9s ou erron\u00e9s carr\u00e9ment ,la suite des d\u00e9sagr\u00e9ments et c\u2019est peut dire, va s \u2018allonger d\u2019une fa\u00e7on gigantesque :<br \/>\nLe ma\u00eetre ignorant va se trouver confront\u00e9 a une s\u00e9rie impressionnante de difficult\u00e9s qui peuvent d\u00e9truire son \u00e9quilibre psychologique ,ne riez pas il se pourrait qu\u2019il en devienne d\u00e9pressif ! Mais aussi ses biens mat\u00e9riels peuvent \u00eatre en grand danger (portes ,tapis ,meubles ,fauteuils ,chambranles ,murs (eh oui ),etc\u2026..Ah oui j\u2019oublie la voiture ,votre gsm , le nouveau salon de vos amis et j\u2019en passe ! Salissures tels que les pipis et les cacas ! Il se pourrait aussi qu\u2019il morde l\u2019enfant de votre voisin (j\u2019oubliais qu\u2019une assurance est indispensable ).Si les causes persistent ,les probl\u00e8mes augmenterons d\u2019une fa\u00e7on exponentielle .<br \/>\nDans tous les cas ,une information ,des cours de bases devront \u00eatre appris et mis en pratique ,ce qui n\u2019est pas si facile ,\u00e9duquer un chien demande des aptitudes ,des connaissances ! Si le ma\u00eetre ne poss\u00e8de pas ces qualit\u00e9s ,le chien pourrait bien devenir un tyran qui fait ce qu\u2019il veut !<br \/>\nNous n\u2019oublierons pas qu\u2019un chiot doit \u00eatre \u00e9duqu\u00e9 ,toute erreur induira des comportements ind\u00e9sirables pour le ma\u00eetre ,la liste est bien longue :<br \/>\nsalissures ,destructions en tout genre ,d\u00e9sob\u00e9issance ,fugue ,troubles obsessionnels et compulsifs ,agressivit\u00e9 ,anxi\u00e9t\u00e9 ,peur ,excitabilit\u00e9 ,hyper-attachement ,aboiements intempestifs ,comportements aberrants ,etc\u2026.ceci est valable pour les chiens adultes aussi !<br \/>\nLa troisi\u00e8me cause est d\u2019ordre psychologique : il s\u2019agit de l\u2019anthropomorphisme ,des relations pathologiques (transfert psychologique ,affectifs ,narcissisme du ma\u00eetre ,phantasmes )<br \/>\nD\u00e9veloppons ceci ,l\u2019anthropomorphisme est la projection de pens\u00e9es ,d\u2019\u00e9motions ,de concepts ,de comportements humains sur le chien . Ce qui m\u00e8ne a une relation incompr\u00e9hensible dans les deux sens ; le chien ne comprend pas son ma\u00eetre ,il en devient anxieux ,nerveux ,irritable ,agressif .Le ma\u00eetre ne comprend \u00e9videmment pas son chien non plus et la relation s\u2019en ressent gravement ; les probl\u00e8mes augmentent de fa\u00e7on exponentielle .<br \/>\nLes projections ,les transferts ,l\u2019affectivit\u00e9 ,les phantasmes rendrons la relation difficile .Le chien r\u00e9agira comme il peut ,dans le meilleur des cas il s\u2019adaptera mais a quel prix ! Sinon le risque d\u2019abandon est bel et bien pr\u00e9sent .<br \/>\nParce que le chien ne correspond pas a l\u2019attente du ma\u00eetre ,une d\u00e9ception peut survenir et mener au d\u00e9samour du chien .Le chien \u00e9tant souvent le d\u00e9l\u00e9gu\u00e9 narcissique du ma\u00eetre ,des erreurs seront \u00e9videmment commises au nom de l\u2019\u00e9go du ma\u00eetre ,ce qui m\u00e8ne a des difficult\u00e9s relationnelles ,le chien devant se plier aux d\u00e9sirs parfois insatiables d\u2019un ma\u00eetre exigeant de son chien des aptitudes ou des comportements qu\u2019il n\u2019a pas ,ou qu\u2019il ne peut pas manifester .<\/p>\n<p>Troisi\u00e8me point, la loi :<br \/>\nLa r\u00e9glementation en vigueur oblige les ma\u00eetres a tenir les chiens en laisse :<br \/>\nUn : parce que toute socialisation et sociabilisation est impossible sans libert\u00e9 ,ce qui est \u00e9vident et qu\u2019une \u00e9ducation digne de ce nom ne peut se faire en laisse .Les propri\u00e9taires sont donc confront\u00e9s a une cascade de probl\u00e8mes .<br \/>\nDeux : d\u00e9j\u00e0 parce qu\u2019un chien pour \u00eatre \u00e9quilibr\u00e9 a besoin de contacts sociaux ,de jeux ,de stimulis olfactifs ,visuels et aussi ,il doit se d\u00e9penser physiquement ,il doit courir ,jouer sinon il s\u2019en suivra encore des troubles ,des souffrances ,des difficult\u00e9s sans fin pour le ma\u00eetre et le chien .<br \/>\nTrois : promener son chien en laisse c\u2019est chiant ,et si on adopte un chien ce n\u2019est pas pour l\u2019emprisonner .<br \/>\nLa quatri\u00e8me cause est la responsabilit\u00e9 des professionnels :<br \/>\nLa m\u00e9diocre qualit\u00e9 des conditions d\u2019\u00e9levage favorise l\u2019anxi\u00e9t\u00e9 chronique ,la d\u00e9pression ,une mauvaise int\u00e9gration des exp\u00e9riences ,des troubles comportementaux ,des difficult\u00e9s d\u2019apprentissage ,une hyper-activit\u00e9 et ,ou ,une hyper sensibilit\u00e9 (trouble incurable ,seule une th\u00e9rapie m\u00e9dicamenteuse pourra aider )<br \/>\nLes diverses s\u00e9lections g\u00e9n\u00e9tiques pour obtenir des caract\u00e9ristiques raciales appauvrissent la qualit\u00e9 g\u00e9n\u00e9rale de la sant\u00e9 physique et psychologique du chien; ce qui ,on le comprend ,entra\u00eenera des probl\u00e8mes suppl\u00e9mentaires pour le ma\u00eetre .<br \/>\nJ\u2019esp\u00e8re vous avoir convaincu de ne pas adopter de chien .Une personne voulant adopter un chien doit \u00eatre passionn\u00e9e ,le chien n\u2019est pas un objet ou un jouet ,c\u2019est en une certaine mesure (sans anthropomorphisme idiot ), une personne car le chien a bel et bien un psychisme ,une personnalit\u00e9 ,des besoins ,des d\u00e9sirs .Il peut souffrir de d\u00e9pression ,d\u2019hyper activit\u00e9 ,d\u2019anxi\u00e9t\u00e9 et bien sur d\u2019ennui .Il aime et d\u00e9sire \u00eatre aim\u00e9.<br \/>\nIl a besoin de soins ,d\u2019amour ,de respect .<\/p>\n","protected":false},"excerpt":{"rendered":"<p>Lorsque nous adoptons un chien, il faut en prendre la responsabilit\u00e9 ou plut\u00f4t les responsabilit\u00e9s qui sont nombreuses et demandent beaucoup de temps .Le chien doit d&rsquo;abord \u00eatre \u00e9duqu\u00e9,c&rsquo;est indispensable ;le chien doit \u00eatre socialis\u00e9 et sociabilis\u00e9 .Le chien a besoin de libert\u00e9 ,de jeux ,d&rsquo;activit\u00e9s et de d\u00e9pense \u00e9nerg\u00e9tique .Le chien a besoin de [&hellip;]<\/p>\n","protected":false},"author":1,"featured_media":0,"parent":0,"menu_order":0,"comment_status":"closed","ping_status":"closed","template":"","meta":{"footnotes":""},"_links":{"self":[{"href":"https:\/\/xn--lechienthrapeute-jqb.be\/index.php?rest_route=\/wp\/v2\/pages\/211"}],"collection":[{"href":"https:\/\/xn--lechienthrapeute-jqb.be\/index.php?rest_route=\/wp\/v2\/pages"}],"about":[{"href":"https:\/\/xn--lechienthrapeute-jqb.be\/index.php?rest_route=\/wp\/v2\/types\/page"}],"author":[{"embeddable":true,"href":"https:\/\/xn--lechienthrapeute-jqb.be\/index.php?rest_route=\/wp\/v2\/users\/1"}],"replies":[{"embeddable":true,"href":"https:\/\/xn--lechienthrapeute-jqb.be\/index.php?rest_route=%2Fwp%2Fv2%2Fcomments&post=211"}],"version-history":[{"count":7,"href":"https:\/\/xn--lechienthrapeute-jqb.be\/index.php?rest_route=\/wp\/v2\/pages\/211\/revisions"}],"predecessor-version":[{"id":214,"href":"https:\/\/xn--lechienthrapeute-jqb.be\/index.php?rest_route=\/wp\/v2\/pages\/211\/revisions\/214"}],"wp:attachment":[{"href":"https:\/\/xn--lechienthrapeute-jqb.be\/index.php?rest_route=%2Fwp%2Fv2%2Fmedia&parent=211"}],"curies":[{"name":"wp","href":"https:\/\/api.w.org\/{rel}","templated":true}]}}