{"id":2,"date":"2018-03-18T11:59:15","date_gmt":"2018-03-18T10:59:15","guid":{"rendered":"http:\/\/xn--lechienthrapeute-jqb.be\/?page_id=2"},"modified":"2018-04-17T12:17:44","modified_gmt":"2018-04-17T10:17:44","slug":"page-d-exemple","status":"publish","type":"page","link":"https:\/\/xn--lechienthrapeute-jqb.be\/","title":{"rendered":"Accueil"},"content":{"rendered":"<h3><strong>\u00ab L\u2019animal qui ne parle pas, devient soudain ce corps qui fait parler, ce corps qui va r\u00e9gir une nouvelle conduite, ce corps qui ouvre \u00e0 l\u2019enfant \u00e9merveill\u00e9 les portes du r\u00eave, les portes des \u00eatres, les portes de la nature, les v\u00e9ritables portes du monde \u00bb.<\/strong><br \/>\n<strong>Ange Condoret<\/strong><\/h3>\n<p><img loading=\"lazy\" decoding=\"async\" class=\"alignleft wp-image-31 \" src=\"http:\/\/xn--lechienthrapeute-jqb.be\/wp-content\/uploads\/2018\/03\/DSC01960.jpg\" alt=\"\" width=\"559\" height=\"419\" srcset=\"https:\/\/xn--lechienthrapeute-jqb.be\/wp-content\/uploads\/2018\/03\/DSC01960.jpg 640w, https:\/\/xn--lechienthrapeute-jqb.be\/wp-content\/uploads\/2018\/03\/DSC01960-300x225.jpg 300w\" sizes=\"(max-width: 559px) 100vw, 559px\" \/><\/p>\n<p>La zooth\u00e9rapie est une technique th\u00e9rapeutique\u00a0; elle met \u00e0 profit l&rsquo; interaction entre les humains et les animaux .Le chien appara\u00eet sans conteste comme l&rsquo; animal privil\u00e9gi\u00e9 pour la zooth\u00e9rapie\u00a0; car il est un \u00eatre qui communique , sa personnalit\u00e9 le fait ressembler a un enfant , ses capacit\u00e9 a l&rsquo; empathie , a l&rsquo; affection ne sont plus \u00e0 d\u00e9montrer , ce qui fait de lui un merveilleux th\u00e9rapeute , un excellent m\u00e9diateur .il se montre doux , docile , adaptable et surtout empathique .La relation avec un animal th\u00e9rapeute de qualit\u00e9 peut combler une tr\u00e8s grande quantit\u00e9 de nos besoins psycho-affectifs , se monter une aide p\u00e9dagogique tr\u00e8s pr\u00e9cieuse , elle entra\u00eene d&rsquo; innombrables effets positifs sur la sant\u00e9 mentale , le bien-\u00eatre des personnes , particuli\u00e8rement des enfants .<br \/>\nLes animaux familiers sont devenus les seuls non humains qui continuent , a notre \u00e9poque ,de partager la vie des enfants .Les animaux domestiques sont devenus les ambassadeurs de l &lsquo;Autre , les esp\u00e8ces animales disparues de nos vie , sauvages , myst\u00e9rieuses .Les animaux de compagnie sont les mandataires du royaume animal , permettant un contact distant certes , ritualis\u00e9 mais indispensable a la construction de l&rsquo;esprit humain , a l&rsquo;\u00e9quilibre mental , a la responsabilit\u00e9 \u00e9colo<span class=\"text_exposed_show\">gique ( de ma\u00eetre du monde surtout pour ce futur adulte qui r\u00e9gira les conditions du monde de demain! ) .<\/span><\/p>\n<p><span class=\"text_exposed_show\"><br \/>\n<\/span><img loading=\"lazy\" decoding=\"async\" class=\"wp-image-33 alignright\" src=\"http:\/\/xn--lechienthrapeute-jqb.be\/wp-content\/uploads\/2018\/03\/28685156_555406841495508_7044070213622200654_n.jpg\" alt=\"\" width=\"432\" height=\"432\" srcset=\"https:\/\/xn--lechienthrapeute-jqb.be\/wp-content\/uploads\/2018\/03\/28685156_555406841495508_7044070213622200654_n.jpg 853w, https:\/\/xn--lechienthrapeute-jqb.be\/wp-content\/uploads\/2018\/03\/28685156_555406841495508_7044070213622200654_n-150x150.jpg 150w, https:\/\/xn--lechienthrapeute-jqb.be\/wp-content\/uploads\/2018\/03\/28685156_555406841495508_7044070213622200654_n-300x300.jpg 300w, https:\/\/xn--lechienthrapeute-jqb.be\/wp-content\/uploads\/2018\/03\/28685156_555406841495508_7044070213622200654_n-768x768.jpg 768w\" sizes=\"(max-width: 432px) 100vw, 432px\" \/>C &lsquo;est \u00e0 dire la construction d&rsquo; une condition humaine future , car comment se sentent les enfants et les hommes dans une soci\u00e9t\u00e9 urbaine ou les beaut\u00e9s de la nature et l&rsquo; \u00e9merveillement devant l&rsquo; infinie diversit\u00e9 des esp\u00e8ces v\u00e9g\u00e9tales et animales est absente ! A mon point de vue , ce retrait d&rsquo; une vie aux c\u00f4t\u00e9s de cette nature , qui ne l&rsquo;oublions pas repr\u00e9sente la Vie , est extr\u00eamement dommageable pour l&rsquo; esprit humain , pour le d\u00e9veloppement des enfants . Le sens induit par cet \u00e9merveillement de la nature am\u00e8ne au respect de la vie ( et donc de ses semblables ) , au sens de la responsabilit\u00e9 \u00e9cologique et sociale .<span class=\"text_exposed_show\"><br \/>\nCet amoindrissement des exp\u00e9riences avec la nature aux formes infinies , engendre une scl\u00e9rose , un cr\u00e9tinisme intellectuel , et fermeture mentale , l &lsquo;\u00eatre humain r\u00e9gresse , il d\u00e9truit son environnement , son esprit se ferme sur lui-m\u00eame , ce qui expliquerait la baisse consid\u00e9rable de l &lsquo;intelligence humaine et surtout son intelligence sociale , cad l&rsquo; empathie , l&rsquo; intelligence intuitive , les possibilit\u00e9s cr\u00e9atrices et sociales .<br \/>\nLes contacts , l &lsquo;exp\u00e9rience avec des animaux domestiques me semble indispensable a la cr\u00e9ation d&rsquo; un esprit sain , Boris Cyrulick d\u00e9clare : les animaux familiers sont comme une lueur d&rsquo; animalit\u00e9 ( qui nous habite profond\u00e9ment ) , de sacr\u00e9 , d&rsquo; alt\u00e9rit\u00e9 d\u00e9sormais disparue de nos vies ! Ils sont devenus les uniques repr\u00e9sentants de la non-humanit\u00e9 , de l&rsquo; animalit\u00e9 !<br \/>\nR\u00e9duire l &lsquo; exp\u00e9rience avec la nature , les animaux , c&rsquo;est r\u00e9duire les capacit\u00e9s humaines , son intelligence , son \u00e9quilibre , son intuition , sa sagesse , son empathie , sa cr\u00e9ativit\u00e9 , sa sociabilit\u00e9 .<br \/>\nJe pr\u00eache pour une p\u00e9dagogie \u00e9cologique , pour la zooth\u00e9rapie , pour l&rsquo; \u00e9merveillement !<\/span><\/p>\n<p>&nbsp;<\/p>\n<p><img loading=\"lazy\" decoding=\"async\" class=\"alignleft size-full wp-image-37\" src=\"http:\/\/xn--lechienthrapeute-jqb.be\/wp-content\/uploads\/2018\/03\/DSC02245.jpg\" alt=\"\" width=\"640\" height=\"480\" srcset=\"https:\/\/xn--lechienthrapeute-jqb.be\/wp-content\/uploads\/2018\/03\/DSC02245.jpg 640w, https:\/\/xn--lechienthrapeute-jqb.be\/wp-content\/uploads\/2018\/03\/DSC02245-300x225.jpg 300w\" sizes=\"(max-width: 640px) 100vw, 640px\" \/>Les profanes , comme les professionnels s&rsquo; insurgent maintenant contre la vie que m\u00e8nent les enfants , surcharg\u00e9s de t\u00e2ches , isol\u00e9s , oubli\u00e9s , bouscul\u00e9s , press\u00e9s , bafou\u00e9s , surnageants dans un monde ou l&rsquo;enfance n&rsquo;a plus court ! Retrouver son regard d&rsquo; enfant , injonction prioritaire a l&rsquo; \u00e9merveillement ,au bonheur ; encore faudrait-il qu&rsquo;on puisse l&rsquo; avoir exp\u00e9riment\u00e9 : dans un monde urbain , violent , b\u00e9tonn\u00e9 ,embouteill\u00e9 , agressif , comp\u00e9titif , g\u00e9r\u00e9 par des adultes\u00a0<span class=\"text_exposed_show\">mal dans leur peau , stress\u00e9s , n\u00e9vros\u00e9s , d\u00e9pass\u00e9s , fatigu\u00e9s , ins\u00e9curis\u00e9s , voire d\u00e9prim\u00e9s , malades , les enfants ont-ils pu exp\u00e9riment\u00e9 la s\u00e9curit\u00e9 , la paix , l&rsquo; amour , la tendresse , le respect , le bonheur d&rsquo;\u00eatre en vie et devant la Vie !<br \/>\nLe havre de paix familial dans un monde sans piti\u00e9 n&rsquo; existe m\u00eame plus , les sociologues , m\u00e9decins , psychologues modernes d\u00e9crivent une famille moderne comme un univers sans \u00e2me , empli d&rsquo; agressions , de stress , d&rsquo; \u00e9motions , de d\u00e9prime , r\u00e9uni par des liens fragiles , voire inexistants , incapables \u00e0 soutenir et \u00e0 \u00e9quilibrer les pressions externes (sociales) et les pressions internes ( psychiques )!<br \/>\nUne aspiration au paradis perdu ( cette aspiration au calme , a la paix , au bonheur , a l&rsquo; amour ) , au calme domestique , familial (indispensable a l &lsquo;\u00e9quilibre de l&rsquo; enfant ) ne peut plus \u00eatre ni\u00e9e .Le pouvoir et l&rsquo;argent ne peuvent plus \u00eatre le seul moteur de l&rsquo;homme . Les animaux familiers apparaissent maintenant comme la seule source de cette aspiration , relation sans complication , sans int\u00e9r\u00eat autre que la relation d &lsquo;amour ,de don gratuit , sans demandes \u00e9go\u00efstes .D&rsquo; une extr\u00eame simplicit\u00e9 ,d&rsquo;une innocente simplicit\u00e9 sont les animaux familiers , face a l&rsquo; extr\u00eame complication int\u00e9ress\u00e9e du monde , ils sont nos \u00eeles , nos rep\u00e8res , notre coin de paradis ! Heureux les simples , disait un sage , c&rsquo; est \u00e9videmment flagrant lorsque l&rsquo; on c\u00f4toie un chien ou un chat domestique , n &lsquo;est-ce pas le meilleur exemple de sociabilit\u00e9 , d&rsquo; une vie simple , sans complication , heureuse , simplement heureuse .Notre soci\u00e9t\u00e9 , loin de la nature et de notre propre nature ,a oubli\u00e9 qu&rsquo; on ne peut \u00eatre heureux sans amour , est-ce si difficile a comprendre , le pouvoir , l&rsquo;argent , la comp\u00e9titivit\u00e9 , l &lsquo;\u00e9go\u00efsme ne m\u00e8nent pas au bonheur mais \u00e0 la maladie mentale o\u00f9 la violence devient l &lsquo;\u00e9vidence de nos relations !<br \/>\nJe pr\u00eache pour les animaux familiers , personnellement les chiens samoy\u00e8des ,dans la vie des enfants , dans les \u00e9coles , les homes , les maisons .Je pr\u00eache pour une p\u00e9dagogie \u00ab \u00e9cologique \u00ab , pour la zooth\u00e9rapie , pour l &lsquo; \u00e9merveillement !<\/span><\/p>\n","protected":false},"excerpt":{"rendered":"<p>\u00ab L\u2019animal qui ne parle pas, devient soudain ce corps qui fait parler, ce corps qui va r\u00e9gir une nouvelle conduite, ce corps qui ouvre \u00e0 l\u2019enfant \u00e9merveill\u00e9 les portes du r\u00eave, les portes des \u00eatres, les portes de la nature, les v\u00e9ritables portes du monde \u00bb. Ange Condoret La zooth\u00e9rapie est une technique th\u00e9rapeutique\u00a0; [&hellip;]<\/p>\n","protected":false},"author":1,"featured_media":0,"parent":0,"menu_order":0,"comment_status":"closed","ping_status":"open","template":"","meta":{"footnotes":""},"_links":{"self":[{"href":"https:\/\/xn--lechienthrapeute-jqb.be\/index.php?rest_route=\/wp\/v2\/pages\/2"}],"collection":[{"href":"https:\/\/xn--lechienthrapeute-jqb.be\/index.php?rest_route=\/wp\/v2\/pages"}],"about":[{"href":"https:\/\/xn--lechienthrapeute-jqb.be\/index.php?rest_route=\/wp\/v2\/types\/page"}],"author":[{"embeddable":true,"href":"https:\/\/xn--lechienthrapeute-jqb.be\/index.php?rest_route=\/wp\/v2\/users\/1"}],"replies":[{"embeddable":true,"href":"https:\/\/xn--lechienthrapeute-jqb.be\/index.php?rest_route=%2Fwp%2Fv2%2Fcomments&post=2"}],"version-history":[{"count":16,"href":"https:\/\/xn--lechienthrapeute-jqb.be\/index.php?rest_route=\/wp\/v2\/pages\/2\/revisions"}],"predecessor-version":[{"id":350,"href":"https:\/\/xn--lechienthrapeute-jqb.be\/index.php?rest_route=\/wp\/v2\/pages\/2\/revisions\/350"}],"wp:attachment":[{"href":"https:\/\/xn--lechienthrapeute-jqb.be\/index.php?rest_route=%2Fwp%2Fv2%2Fmedia&parent=2"}],"curies":[{"name":"wp","href":"https:\/\/api.w.org\/{rel}","templated":true}]}}